{"id":442,"date":"2018-01-23T12:13:12","date_gmt":"2018-01-23T12:13:12","guid":{"rendered":"https:\/\/tinterprojekt.ee\/projects\/years\/2013a\/"},"modified":"2018-01-31T10:23:44","modified_gmt":"2018-01-31T10:23:44","slug":"2013a","status":"publish","type":"page","link":"https:\/\/tinterprojekt.ee\/en\/projects\/years\/2013a\/","title":{"rendered":"2013"},"content":{"rendered":"<div class=\"wpb-content-wrapper\"><section class=\"l-section wpb_row height_auto\"><div class=\"l-section-h i-cf\"><div class=\"g-cols vc_row type_default valign_top\"><div class=\"vc_col-sm-6 wpb_column vc_column_container\"><div class=\"vc_column-inner\"><div class=\"wpb_wrapper\"><div class=\"w-image align_center\"><div class=\"w-image-h\"><a href=\"https:\/\/tinterprojekt.ee\/wp-content\/uploads\/2018\/01\/2013.png\" ref=\"magnificPopup\"><img loading=\"lazy\" decoding=\"async\" width=\"600\" height=\"600\" src=\"https:\/\/tinterprojekt.ee\/wp-content\/uploads\/2018\/01\/2013-600x600.png\" class=\"attachment-tnail-1x1 size-tnail-1x1\" alt=\"\" srcset=\"https:\/\/tinterprojekt.ee\/wp-content\/uploads\/2018\/01\/2013-600x600.png 600w, https:\/\/tinterprojekt.ee\/wp-content\/uploads\/2018\/01\/2013-150x150.png 150w, https:\/\/tinterprojekt.ee\/wp-content\/uploads\/2018\/01\/2013-200x200.png 200w, https:\/\/tinterprojekt.ee\/wp-content\/uploads\/2018\/01\/2013-350x350.png 350w\" sizes=\"auto, (max-width: 600px) 100vw, 600px\" \/><\/a><\/div><\/div><\/div><\/div><\/div><div class=\"vc_col-sm-6 wpb_column vc_column_container\"><div class=\"vc_column-inner\"><div class=\"wpb_wrapper\">\n\t<div class=\"wpb_text_column \">\n\t\t<div class=\"wpb_wrapper\">\n\t\t\t<h2>Road nr 2 (E263) Adjusting the technical project for Tartu bypass I construction site (45-13-TP)<\/h2>\n\n\t\t<\/div>\n\t<\/div>\n<\/div><\/div><\/div><\/div><\/div><\/section><section class=\"l-section wpb_row height_auto\"><div class=\"l-section-h i-cf\"><div class=\"g-cols vc_row type_default valign_top\"><div class=\"vc_col-sm-6 wpb_column vc_column_container\"><div class=\"vc_column-inner\"><div class=\"wpb_wrapper\"><div class=\"w-image align_center\"><div class=\"w-image-h\"><img loading=\"lazy\" decoding=\"async\" src=\"\/\/tinterprojekt.ee\/wp-content\/themes\/tinter\/framework\/img\/us-placeholder-square.jpg\" width=\"600\" height=\"600\" alt=\"\"><\/div><\/div><\/div><\/div><\/div><div class=\"vc_col-sm-6 wpb_column vc_column_container\"><div class=\"vc_column-inner\"><div class=\"wpb_wrapper\">\n\t<div class=\"wpb_text_column \">\n\t\t<div class=\"wpb_wrapper\">\n\t\t\t<h2>Technical reconstruction project for the Secondary Road No 13178, P\u00fcssi station road and 13179 P\u00fcssi road (03-13-TP)<\/h2>\n\n\t\t<\/div>\n\t<\/div>\n<\/div><\/div><\/div><\/div><\/div><\/section><section class=\"l-section wpb_row height_auto\"><div class=\"l-section-h i-cf\"><div class=\"g-cols vc_row type_default valign_top\"><div class=\"vc_col-sm-6 wpb_column vc_column_container\"><div class=\"vc_column-inner\"><div class=\"wpb_wrapper\"><div class=\"w-image align_center\"><div class=\"w-image-h\"><img loading=\"lazy\" decoding=\"async\" src=\"\/\/tinterprojekt.ee\/wp-content\/themes\/tinter\/framework\/img\/us-placeholder-square.jpg\" width=\"600\" height=\"600\" alt=\"\"><\/div><\/div><\/div><\/div><\/div><div class=\"vc_col-sm-6 wpb_column vc_column_container\"><div class=\"vc_column-inner\"><div class=\"wpb_wrapper\">\n\t<div class=\"wpb_text_column \">\n\t\t<div class=\"wpb_wrapper\">\n\t\t\t<h2>Reconstruction of the Main Road 92 Tartu-Viljandi-Kilingi-N\u00f5mme Tartu-R\u00f5hu section, stage 2, km 2.4-7.2 M\u00e4rja-R\u00f5hu section (09-13-TP)<\/h2>\n\n\t\t<\/div>\n\t<\/div>\n<\/div><\/div><\/div><\/div><\/div><\/section><section class=\"l-section wpb_row height_auto\"><div class=\"l-section-h i-cf\"><div class=\"g-cols vc_row type_default valign_top\"><div class=\"vc_col-sm-6 wpb_column vc_column_container\"><div class=\"vc_column-inner\"><div class=\"wpb_wrapper\"><div class=\"w-image align_center\"><div class=\"w-image-h\"><img loading=\"lazy\" decoding=\"async\" src=\"\/\/tinterprojekt.ee\/wp-content\/themes\/tinter\/framework\/img\/us-placeholder-square.jpg\" width=\"600\" height=\"600\" alt=\"\"><\/div><\/div><\/div><\/div><\/div><div class=\"vc_col-sm-6 wpb_column vc_column_container\"><div class=\"vc_column-inner\"><div class=\"wpb_wrapper\">\n\t<div class=\"wpb_text_column \">\n\t\t<div class=\"wpb_wrapper\">\n\t\t\t<h2>Design for repair of State Road No 8 Tallinn-Paldiski km 18.8-24.7 Kiia-Keila section (36-13-TP)<\/h2>\n\n\t\t<\/div>\n\t<\/div>\n<\/div><\/div><\/div><\/div><\/div><\/section><section class=\"l-section wpb_row height_auto\"><div class=\"l-section-h i-cf\"><div class=\"g-cols vc_row type_default valign_top\"><div class=\"vc_col-sm-6 wpb_column vc_column_container\"><div class=\"vc_column-inner\"><div class=\"wpb_wrapper\"><div class=\"w-image align_center\"><div class=\"w-image-h\"><img loading=\"lazy\" decoding=\"async\" src=\"\/\/tinterprojekt.ee\/wp-content\/themes\/tinter\/framework\/img\/us-placeholder-square.jpg\" width=\"600\" height=\"600\" alt=\"\"><\/div><\/div><\/div><\/div><\/div><div class=\"vc_col-sm-6 wpb_column vc_column_container\"><div class=\"vc_column-inner\"><div class=\"wpb_wrapper\">\n\t<div class=\"wpb_text_column \">\n\t\t<div class=\"wpb_wrapper\">\n\t\t\t<h2>Project for repair of V\u00e4ike Mere Street in Haapsalu town (39-13-TP)<\/h2>\n\n\t\t<\/div>\n\t<\/div>\n<\/div><\/div><\/div><\/div><\/div><\/section><section class=\"l-section wpb_row height_auto\"><div class=\"l-section-h i-cf\"><div class=\"g-cols vc_row type_default valign_top\"><div class=\"vc_col-sm-6 wpb_column vc_column_container\"><div class=\"vc_column-inner\"><div class=\"wpb_wrapper\"><div class=\"w-image align_center\"><div class=\"w-image-h\"><img loading=\"lazy\" decoding=\"async\" src=\"\/\/tinterprojekt.ee\/wp-content\/themes\/tinter\/framework\/img\/us-placeholder-square.jpg\" width=\"600\" height=\"600\" alt=\"\"><\/div><\/div><\/div><\/div><\/div><div class=\"vc_col-sm-6 wpb_column vc_column_container\"><div class=\"vc_column-inner\"><div class=\"wpb_wrapper\">\n\t<div class=\"wpb_text_column \">\n\t\t<div class=\"wpb_wrapper\">\n\t\t\t<h2>Construction project for Savi Street in Tartu town (41-13-TP)<\/h2>\n\n\t\t<\/div>\n\t<\/div>\n<\/div><\/div><\/div><\/div><\/div><\/section><section class=\"l-section wpb_row height_auto\"><div class=\"l-section-h i-cf\"><div class=\"g-cols vc_row type_default valign_top\"><div class=\"vc_col-sm-6 wpb_column vc_column_container\"><div class=\"vc_column-inner\"><div class=\"wpb_wrapper\"><div class=\"w-image align_center\"><div class=\"w-image-h\"><img loading=\"lazy\" decoding=\"async\" src=\"\/\/tinterprojekt.ee\/wp-content\/themes\/tinter\/framework\/img\/us-placeholder-square.jpg\" width=\"600\" height=\"600\" alt=\"\"><\/div><\/div><\/div><\/div><\/div><div class=\"vc_col-sm-6 wpb_column vc_column_container\"><div class=\"vc_column-inner\"><div class=\"wpb_wrapper\">\n\t<div class=\"wpb_text_column \">\n\t\t<div class=\"wpb_wrapper\">\n\t\t\t<h2>Operational project for Maramaa-L\u00e4hte cycle and pedestrian track (40-13-TP)<\/h2>\n\n\t\t<\/div>\n\t<\/div>\n<\/div><\/div><\/div><\/div><\/div><\/section>\n<\/div>","protected":false},"excerpt":{"rendered":"Road nr 2 (E263) Adjusting the technical project for Tartu bypass I construction site (45-13-TP) Technical reconstruction project for the Secondary Road No 13178, P\u00fcssi station road and 13179 P\u00fcssi road (03-13-TP) Reconstruction of the Main Road 92 Tartu-Viljandi-Kilingi-N\u00f5mme Tartu-R\u00f5hu section, stage 2, km 2.4-7.2 M\u00e4rja-R\u00f5hu section (09-13-TP) Design for repair of State Road...","protected":false},"author":1,"featured_media":0,"parent":419,"menu_order":0,"comment_status":"closed","ping_status":"closed","template":"","meta":{"footnotes":""},"class_list":["post-442","page","type-page","status-publish","hentry"],"yoast_head":"<!-- This site is optimized with the Yoast SEO plugin v27.4 - https:\/\/yoast.com\/product\/yoast-seo-wordpress\/ -->\n<title>2013 - Tinter-Projekt O&Uuml;<\/title>\n<meta name=\"robots\" content=\"index, follow, max-snippet:-1, max-image-preview:large, max-video-preview:-1\" \/>\n<link rel=\"canonical\" href=\"https:\/\/tinterprojekt.ee\/tehtud-tood\/aastad\/2013a\/\" \/>\n<meta property=\"og:locale\" content=\"en_US\" \/>\n<meta property=\"og:type\" content=\"article\" \/>\n<meta property=\"og:title\" content=\"2013 - Tinter-Projekt O&Uuml;\" \/>\n<meta property=\"og:url\" content=\"https:\/\/tinterprojekt.ee\/tehtud-tood\/aastad\/2013a\/\" \/>\n<meta property=\"og:site_name\" content=\"Tinter-Projekt O&Uuml;\" \/>\n<meta property=\"article:modified_time\" content=\"2018-01-31T10:23:44+00:00\" \/>\n<meta name=\"twitter:card\" content=\"summary_large_image\" \/>\n<meta name=\"twitter:label1\" content=\"Est. reading time\" \/>\n\t<meta name=\"twitter:data1\" content=\"2 minutes\" \/>\n<script type=\"application\/ld+json\" class=\"yoast-schema-graph\">{\"@context\":\"https:\\\/\\\/schema.org\",\"@graph\":[{\"@type\":\"WebPage\",\"@id\":\"https:\\\/\\\/tinterprojekt.ee\\\/tehtud-tood\\\/aastad\\\/2013a\\\/\",\"url\":\"https:\\\/\\\/tinterprojekt.ee\\\/tehtud-tood\\\/aastad\\\/2013a\\\/\",\"name\":\"2013 - Tinter-Projekt O&Uuml;\",\"isPartOf\":{\"@id\":\"https:\\\/\\\/tinterprojekt.ee\\\/#website\"},\"datePublished\":\"2018-01-23T12:13:12+00:00\",\"dateModified\":\"2018-01-31T10:23:44+00:00\",\"breadcrumb\":{\"@id\":\"https:\\\/\\\/tinterprojekt.ee\\\/tehtud-tood\\\/aastad\\\/2013a\\\/#breadcrumb\"},\"inLanguage\":\"en-US\",\"potentialAction\":[{\"@type\":\"ReadAction\",\"target\":[\"https:\\\/\\\/tinterprojekt.ee\\\/tehtud-tood\\\/aastad\\\/2013a\\\/\"]}]},{\"@type\":\"BreadcrumbList\",\"@id\":\"https:\\\/\\\/tinterprojekt.ee\\\/tehtud-tood\\\/aastad\\\/2013a\\\/#breadcrumb\",\"itemListElement\":[{\"@type\":\"ListItem\",\"position\":1,\"name\":\"Home\",\"item\":\"https:\\\/\\\/tinterprojekt.ee\\\/en\\\/\"},{\"@type\":\"ListItem\",\"position\":2,\"name\":\"Projects\",\"item\":\"https:\\\/\\\/tinterprojekt.ee\\\/tehtud-tood\\\/\"},{\"@type\":\"ListItem\",\"position\":3,\"name\":\"years\",\"item\":\"https:\\\/\\\/tinterprojekt.ee\\\/tehtud-tood\\\/aastad\\\/\"},{\"@type\":\"ListItem\",\"position\":4,\"name\":\"2013\"}]},{\"@type\":\"WebSite\",\"@id\":\"https:\\\/\\\/tinterprojekt.ee\\\/#website\",\"url\":\"https:\\\/\\\/tinterprojekt.ee\\\/\",\"name\":\"Tinter-Projekt O&Uuml;\",\"description\":\"Inseneerib&uuml;roo\",\"potentialAction\":[{\"@type\":\"SearchAction\",\"target\":{\"@type\":\"EntryPoint\",\"urlTemplate\":\"https:\\\/\\\/tinterprojekt.ee\\\/?s={search_term_string}\"},\"query-input\":{\"@type\":\"PropertyValueSpecification\",\"valueRequired\":true,\"valueName\":\"search_term_string\"}}],\"inLanguage\":\"en-US\"}]}<\/script>\n<!-- \/ Yoast SEO plugin. -->","yoast_head_json":{"title":"2013 - Tinter-Projekt O&Uuml;","robots":{"index":"index","follow":"follow","max-snippet":"max-snippet:-1","max-image-preview":"max-image-preview:large","max-video-preview":"max-video-preview:-1"},"canonical":"https:\/\/tinterprojekt.ee\/tehtud-tood\/aastad\/2013a\/","og_locale":"en_US","og_type":"article","og_title":"2013 - Tinter-Projekt O&Uuml;","og_url":"https:\/\/tinterprojekt.ee\/tehtud-tood\/aastad\/2013a\/","og_site_name":"Tinter-Projekt O&Uuml;","article_modified_time":"2018-01-31T10:23:44+00:00","twitter_card":"summary_large_image","twitter_misc":{"Est. reading time":"2 minutes"},"schema":{"@context":"https:\/\/schema.org","@graph":[{"@type":"WebPage","@id":"https:\/\/tinterprojekt.ee\/tehtud-tood\/aastad\/2013a\/","url":"https:\/\/tinterprojekt.ee\/tehtud-tood\/aastad\/2013a\/","name":"2013 - Tinter-Projekt O&Uuml;","isPartOf":{"@id":"https:\/\/tinterprojekt.ee\/#website"},"datePublished":"2018-01-23T12:13:12+00:00","dateModified":"2018-01-31T10:23:44+00:00","breadcrumb":{"@id":"https:\/\/tinterprojekt.ee\/tehtud-tood\/aastad\/2013a\/#breadcrumb"},"inLanguage":"en-US","potentialAction":[{"@type":"ReadAction","target":["https:\/\/tinterprojekt.ee\/tehtud-tood\/aastad\/2013a\/"]}]},{"@type":"BreadcrumbList","@id":"https:\/\/tinterprojekt.ee\/tehtud-tood\/aastad\/2013a\/#breadcrumb","itemListElement":[{"@type":"ListItem","position":1,"name":"Home","item":"https:\/\/tinterprojekt.ee\/en\/"},{"@type":"ListItem","position":2,"name":"Projects","item":"https:\/\/tinterprojekt.ee\/tehtud-tood\/"},{"@type":"ListItem","position":3,"name":"years","item":"https:\/\/tinterprojekt.ee\/tehtud-tood\/aastad\/"},{"@type":"ListItem","position":4,"name":"2013"}]},{"@type":"WebSite","@id":"https:\/\/tinterprojekt.ee\/#website","url":"https:\/\/tinterprojekt.ee\/","name":"Tinter-Projekt O&Uuml;","description":"Inseneerib&uuml;roo","potentialAction":[{"@type":"SearchAction","target":{"@type":"EntryPoint","urlTemplate":"https:\/\/tinterprojekt.ee\/?s={search_term_string}"},"query-input":{"@type":"PropertyValueSpecification","valueRequired":true,"valueName":"search_term_string"}}],"inLanguage":"en-US"}]}},"_links":{"self":[{"href":"https:\/\/tinterprojekt.ee\/en\/wp-json\/wp\/v2\/pages\/442","targetHints":{"allow":["GET"]}}],"collection":[{"href":"https:\/\/tinterprojekt.ee\/en\/wp-json\/wp\/v2\/pages"}],"about":[{"href":"https:\/\/tinterprojekt.ee\/en\/wp-json\/wp\/v2\/types\/page"}],"author":[{"embeddable":true,"href":"https:\/\/tinterprojekt.ee\/en\/wp-json\/wp\/v2\/users\/1"}],"replies":[{"embeddable":true,"href":"https:\/\/tinterprojekt.ee\/en\/wp-json\/wp\/v2\/comments?post=442"}],"version-history":[{"count":2,"href":"https:\/\/tinterprojekt.ee\/en\/wp-json\/wp\/v2\/pages\/442\/revisions"}],"predecessor-version":[{"id":444,"href":"https:\/\/tinterprojekt.ee\/en\/wp-json\/wp\/v2\/pages\/442\/revisions\/444"}],"up":[{"embeddable":true,"href":"https:\/\/tinterprojekt.ee\/en\/wp-json\/wp\/v2\/pages\/419"}],"wp:attachment":[{"href":"https:\/\/tinterprojekt.ee\/en\/wp-json\/wp\/v2\/media?parent=442"}],"curies":[{"name":"wp","href":"https:\/\/api.w.org\/{rel}","templated":true}]}}