{"id":436,"date":"2018-01-23T12:12:22","date_gmt":"2018-01-23T12:12:22","guid":{"rendered":"https:\/\/tinterprojekt.ee\/projects\/years\/2015a\/"},"modified":"2018-01-31T10:18:45","modified_gmt":"2018-01-31T10:18:45","slug":"2015a","status":"publish","type":"page","link":"https:\/\/tinterprojekt.ee\/en\/projects\/years\/2015a\/","title":{"rendered":"2015"},"content":{"rendered":"<div class=\"wpb-content-wrapper\"><section class=\"l-section wpb_row height_auto\"><div class=\"l-section-h i-cf\"><div class=\"g-cols vc_row type_default valign_top\"><div class=\"vc_col-sm-6 wpb_column vc_column_container\"><div class=\"vc_column-inner\"><div class=\"wpb_wrapper\"><div class=\"w-image align_center\"><div class=\"w-image-h\"><a href=\"https:\/\/tinterprojekt.ee\/wp-content\/uploads\/2018\/01\/Picture1-1.png\" ref=\"magnificPopup\"><img loading=\"lazy\" decoding=\"async\" width=\"600\" height=\"527\" src=\"https:\/\/tinterprojekt.ee\/wp-content\/uploads\/2018\/01\/Picture1-1-600x527.png\" class=\"attachment-tnail-1x1 size-tnail-1x1\" alt=\"\" \/><\/a><\/div><\/div><\/div><\/div><\/div><div class=\"vc_col-sm-6 wpb_column vc_column_container\"><div class=\"vc_column-inner\"><div class=\"wpb_wrapper\">\n\t<div class=\"wpb_text_column \">\n\t\t<div class=\"wpb_wrapper\">\n\t\t\t<h2>Project for bicycle and footpath of Tartu municipality L\u00e4hte-\u00c4ksi (01-15-TP)<\/h2>\n\n\t\t<\/div>\n\t<\/div>\n<\/div><\/div><\/div><\/div><\/div><\/section><section class=\"l-section wpb_row height_auto\"><div class=\"l-section-h i-cf\"><div class=\"g-cols vc_row type_default valign_top\"><div class=\"vc_col-sm-6 wpb_column vc_column_container\"><div class=\"vc_column-inner\"><div class=\"wpb_wrapper\"><div class=\"w-image align_center\"><div class=\"w-image-h\"><a href=\"https:\/\/tinterprojekt.ee\/wp-content\/uploads\/2018\/01\/2.png\" ref=\"magnificPopup\"><img loading=\"lazy\" decoding=\"async\" width=\"600\" height=\"423\" src=\"https:\/\/tinterprojekt.ee\/wp-content\/uploads\/2018\/01\/2-600x423.png\" class=\"attachment-tnail-1x1 size-tnail-1x1\" alt=\"\" \/><\/a><\/div><\/div><\/div><\/div><\/div><div class=\"vc_col-sm-6 wpb_column vc_column_container\"><div class=\"vc_column-inner\"><div class=\"wpb_wrapper\">\n\t<div class=\"wpb_text_column \">\n\t\t<div class=\"wpb_wrapper\">\n\t\t\t<h2>Projects for Vaksali street, Metalli street and Paistu street in Viljandi town (03-15-TP)<\/h2>\n\n\t\t<\/div>\n\t<\/div>\n<\/div><\/div><\/div><\/div><\/div><\/section><section class=\"l-section wpb_row height_auto\"><div class=\"l-section-h i-cf\"><div class=\"g-cols vc_row type_default valign_top\"><div class=\"vc_col-sm-6 wpb_column vc_column_container\"><div class=\"vc_column-inner\"><div class=\"wpb_wrapper\"><div class=\"w-image align_center\"><div class=\"w-image-h\"><a href=\"https:\/\/tinterprojekt.ee\/wp-content\/uploads\/2018\/01\/3.png\" ref=\"magnificPopup\"><img loading=\"lazy\" decoding=\"async\" width=\"600\" height=\"458\" src=\"https:\/\/tinterprojekt.ee\/wp-content\/uploads\/2018\/01\/3-600x458.png\" class=\"attachment-tnail-1x1 size-tnail-1x1\" alt=\"\" \/><\/a><\/div><\/div><\/div><\/div><\/div><div class=\"vc_col-sm-6 wpb_column vc_column_container\"><div class=\"vc_column-inner\"><div class=\"wpb_wrapper\">\n\t<div class=\"wpb_text_column \">\n\t\t<div class=\"wpb_wrapper\">\n\t\t\t<h2>Project for playground and yard of Rukkilille Kindergarden in Tartu (03-15-TP)<\/h2>\n\n\t\t<\/div>\n\t<\/div>\n<\/div><\/div><\/div><\/div><\/div><\/section><section class=\"l-section wpb_row height_auto\"><div class=\"l-section-h i-cf\"><div class=\"g-cols vc_row type_default valign_top\"><div class=\"vc_col-sm-6 wpb_column vc_column_container\"><div class=\"vc_column-inner\"><div class=\"wpb_wrapper\"><div class=\"w-image align_center\"><div class=\"w-image-h\"><a href=\"https:\/\/tinterprojekt.ee\/wp-content\/uploads\/2018\/01\/4.png\" ref=\"magnificPopup\"><img loading=\"lazy\" decoding=\"async\" width=\"600\" height=\"279\" src=\"https:\/\/tinterprojekt.ee\/wp-content\/uploads\/2018\/01\/4-600x279.png\" class=\"attachment-tnail-1x1 size-tnail-1x1\" alt=\"\" \/><\/a><\/div><\/div><\/div><\/div><\/div><div class=\"vc_col-sm-6 wpb_column vc_column_container\"><div class=\"vc_column-inner\"><div class=\"wpb_wrapper\">\n\t<div class=\"wpb_text_column \">\n\t\t<div class=\"wpb_wrapper\">\n\t\t\t<h2>Reconstruction project for the Lastekodu street in Tallinn (09-15-TP)<\/h2>\n\n\t\t<\/div>\n\t<\/div>\n<\/div><\/div><\/div><\/div><\/div><\/section><section class=\"l-section wpb_row height_auto\"><div class=\"l-section-h i-cf\"><div class=\"g-cols vc_row type_default valign_top\"><div class=\"vc_col-sm-6 wpb_column vc_column_container\"><div class=\"vc_column-inner\"><div class=\"wpb_wrapper\"><div class=\"w-image align_center\"><div class=\"w-image-h\"><a href=\"https:\/\/tinterprojekt.ee\/wp-content\/uploads\/2018\/01\/5.png\" ref=\"magnificPopup\"><img loading=\"lazy\" decoding=\"async\" width=\"600\" height=\"452\" src=\"https:\/\/tinterprojekt.ee\/wp-content\/uploads\/2018\/01\/5-600x452.png\" class=\"attachment-tnail-1x1 size-tnail-1x1\" alt=\"\" \/><\/a><\/div><\/div><\/div><\/div><\/div><div class=\"vc_col-sm-6 wpb_column vc_column_container\"><div class=\"vc_column-inner\"><div class=\"wpb_wrapper\">\n\t<div class=\"wpb_text_column \">\n\t\t<div class=\"wpb_wrapper\">\n\t\t\t<h2>Soola Street section Aleksandri &#8211; Kalevi, Kalevi &#8211; Soola street junction included in Tartu town (29-15-TP)<\/h2>\n\n\t\t<\/div>\n\t<\/div>\n<\/div><\/div><\/div><\/div><\/div><\/section><section class=\"l-section wpb_row height_auto\"><div class=\"l-section-h i-cf\"><div class=\"g-cols vc_row type_default valign_top\"><div class=\"vc_col-sm-6 wpb_column vc_column_container\"><div class=\"vc_column-inner\"><div class=\"wpb_wrapper\"><div class=\"w-image align_center\"><div class=\"w-image-h\"><a href=\"https:\/\/tinterprojekt.ee\/wp-content\/uploads\/2018\/01\/7.png\" ref=\"magnificPopup\"><img loading=\"lazy\" decoding=\"async\" width=\"600\" height=\"473\" src=\"https:\/\/tinterprojekt.ee\/wp-content\/uploads\/2018\/01\/7-600x473.png\" class=\"attachment-tnail-1x1 size-tnail-1x1\" alt=\"\" \/><\/a><\/div><\/div><\/div><\/div><\/div><div class=\"vc_col-sm-6 wpb_column vc_column_container\"><div class=\"vc_column-inner\"><div class=\"wpb_wrapper\">\n\t<div class=\"wpb_text_column \">\n\t\t<div class=\"wpb_wrapper\">\n\t\t\t<h2>Technical project for reconstruction of Kooli Street in J\u00f5hvi town (36-15-TP)<\/h2>\n\n\t\t<\/div>\n\t<\/div>\n<\/div><\/div><\/div><\/div><\/div><\/section><section class=\"l-section wpb_row height_auto\"><div class=\"l-section-h i-cf\"><div class=\"g-cols vc_row type_default valign_top\"><div class=\"vc_col-sm-6 wpb_column vc_column_container\"><div class=\"vc_column-inner\"><div class=\"wpb_wrapper\"><div class=\"w-image align_center\"><div class=\"w-image-h\"><a href=\"https:\/\/tinterprojekt.ee\/wp-content\/uploads\/2018\/01\/6.png\" ref=\"magnificPopup\"><img loading=\"lazy\" decoding=\"async\" width=\"600\" height=\"512\" src=\"https:\/\/tinterprojekt.ee\/wp-content\/uploads\/2018\/01\/6-600x512.png\" class=\"attachment-tnail-1x1 size-tnail-1x1\" alt=\"\" \/><\/a><\/div><\/div><\/div><\/div><\/div><div class=\"vc_col-sm-6 wpb_column vc_column_container\"><div class=\"vc_column-inner\"><div class=\"wpb_wrapper\">\n\t<div class=\"wpb_text_column \">\n\t\t<div class=\"wpb_wrapper\">\n\t\t\t<h2>Technical project for Highway No. 36 J\u00f5geva-Mustvee km 25,7 \u2013 33,7 Torma \u2013 V\u00f5tikvere (39-15-TP)<\/h2>\n\n\t\t<\/div>\n\t<\/div>\n<\/div><\/div><\/div><\/div><\/div><\/section><section class=\"l-section wpb_row height_auto\"><div class=\"l-section-h i-cf\"><div class=\"g-cols vc_row type_default valign_top\"><div class=\"vc_col-sm-6 wpb_column vc_column_container\"><div class=\"vc_column-inner\"><div class=\"wpb_wrapper\"><div class=\"w-image align_center\"><div class=\"w-image-h\"><a href=\"https:\/\/tinterprojekt.ee\/wp-content\/uploads\/2018\/01\/7.png\" ref=\"magnificPopup\"><img loading=\"lazy\" decoding=\"async\" width=\"600\" height=\"473\" src=\"https:\/\/tinterprojekt.ee\/wp-content\/uploads\/2018\/01\/7-600x473.png\" class=\"attachment-tnail-1x1 size-tnail-1x1\" alt=\"\" \/><\/a><\/div><\/div><\/div><\/div><\/div><div class=\"vc_col-sm-6 wpb_column vc_column_container\"><div class=\"vc_column-inner\"><div class=\"wpb_wrapper\">\n\t<div class=\"wpb_text_column \">\n\t\t<div class=\"wpb_wrapper\">\n\t\t\t<h2>Technical project for reconstruction of Vaksali Street and Kuperjanovi Street in Tartu town (45-15-TP)<\/h2>\n\n\t\t<\/div>\n\t<\/div>\n<\/div><\/div><\/div><\/div><\/div><\/section><section class=\"l-section wpb_row height_auto\"><div class=\"l-section-h i-cf\"><div class=\"g-cols vc_row type_default valign_top\"><div class=\"vc_col-sm-6 wpb_column vc_column_container\"><div class=\"vc_column-inner\"><div class=\"wpb_wrapper\"><div class=\"w-image align_center\"><div class=\"w-image-h\"><a href=\"https:\/\/tinterprojekt.ee\/wp-content\/uploads\/2018\/01\/8.png\" ref=\"magnificPopup\"><img loading=\"lazy\" decoding=\"async\" width=\"600\" height=\"312\" src=\"https:\/\/tinterprojekt.ee\/wp-content\/uploads\/2018\/01\/8-600x312.png\" class=\"attachment-tnail-1x1 size-tnail-1x1\" alt=\"\" \/><\/a><\/div><\/div><\/div><\/div><\/div><div class=\"vc_col-sm-6 wpb_column vc_column_container\"><div class=\"vc_column-inner\"><div class=\"wpb_wrapper\">\n\t<div class=\"wpb_text_column \">\n\t\t<div class=\"wpb_wrapper\">\n\t\t\t<h2>Access roads of Keeri-Karij\u00e4rve LKA meadows in Tarty country (44-15-TP)<\/h2>\n\n\t\t<\/div>\n\t<\/div>\n<\/div><\/div><\/div><\/div><\/div><\/section><section class=\"l-section wpb_row height_auto\"><div class=\"l-section-h i-cf\"><div class=\"g-cols vc_row type_default valign_top\"><div class=\"vc_col-sm-6 wpb_column vc_column_container\"><div class=\"vc_column-inner\"><div class=\"wpb_wrapper\"><div class=\"w-image align_center\"><div class=\"w-image-h\"><a href=\"https:\/\/tinterprojekt.ee\/wp-content\/uploads\/2018\/01\/9.png\" ref=\"magnificPopup\"><img loading=\"lazy\" decoding=\"async\" width=\"600\" height=\"356\" src=\"https:\/\/tinterprojekt.ee\/wp-content\/uploads\/2018\/01\/9-600x356.png\" class=\"attachment-tnail-1x1 size-tnail-1x1\" alt=\"\" \/><\/a><\/div><\/div><\/div><\/div><\/div><div class=\"vc_col-sm-6 wpb_column vc_column_container\"><div class=\"vc_column-inner\"><div class=\"wpb_wrapper\">\n\t<div class=\"wpb_text_column \">\n\t\t<div class=\"wpb_wrapper\">\n\t\t\t<h2>Technical project for bicycle and footpath of Kesklinn &#8211; Aruk\u00fcla road in Tartu town (46-15-TP)<\/h2>\n\n\t\t<\/div>\n\t<\/div>\n<\/div><\/div><\/div><\/div><\/div><\/section><section class=\"l-section wpb_row height_auto\"><div class=\"l-section-h i-cf\"><div class=\"g-cols vc_row type_default valign_top\"><div class=\"vc_col-sm-6 wpb_column vc_column_container\"><div class=\"vc_column-inner\"><div class=\"wpb_wrapper\"><div class=\"w-image align_center\"><div class=\"w-image-h\"><a href=\"https:\/\/tinterprojekt.ee\/wp-content\/uploads\/2018\/01\/10.png\" ref=\"magnificPopup\"><img loading=\"lazy\" decoding=\"async\" width=\"600\" height=\"434\" src=\"https:\/\/tinterprojekt.ee\/wp-content\/uploads\/2018\/01\/10-600x434.png\" class=\"attachment-tnail-1x1 size-tnail-1x1\" alt=\"\" \/><\/a><\/div><\/div><\/div><\/div><\/div><div class=\"vc_col-sm-6 wpb_column vc_column_container\"><div class=\"vc_column-inner\"><div class=\"wpb_wrapper\">\n\t<div class=\"wpb_text_column \">\n\t\t<div class=\"wpb_wrapper\">\n\t\t\t<h2>Roosi Street II part section of Puiestee Street &#8211; Narva Road (48-15-TP) in Tartu town (48-15-TP)<\/h2>\n\n\t\t<\/div>\n\t<\/div>\n<\/div><\/div><\/div><\/div><\/div><\/section><section class=\"l-section wpb_row height_auto\"><div class=\"l-section-h i-cf\"><div class=\"g-cols vc_row type_default valign_top\"><div class=\"vc_col-sm-6 wpb_column vc_column_container\"><div class=\"vc_column-inner\"><div class=\"wpb_wrapper\"><div class=\"w-image align_center\"><div class=\"w-image-h\"><a href=\"https:\/\/tinterprojekt.ee\/wp-content\/uploads\/2018\/01\/11.png\" ref=\"magnificPopup\"><img loading=\"lazy\" decoding=\"async\" width=\"600\" height=\"324\" src=\"https:\/\/tinterprojekt.ee\/wp-content\/uploads\/2018\/01\/11-600x324.png\" class=\"attachment-tnail-1x1 size-tnail-1x1\" alt=\"\" \/><\/a><\/div><\/div><\/div><\/div><\/div><div class=\"vc_col-sm-6 wpb_column vc_column_container\"><div class=\"vc_column-inner\"><div class=\"wpb_wrapper\">\n\t<div class=\"wpb_text_column \">\n\t\t<div class=\"wpb_wrapper\">\n\t\t\t<h2>Technical project for the Main Road 4, \u00c4\u00e4sm\u00e4e-Kohatu km 28,0-37,0, design amendment (53-15-TP)<\/h2>\n\n\t\t<\/div>\n\t<\/div>\n<\/div><\/div><\/div><\/div><\/div><\/section>\n<\/div>","protected":false},"excerpt":{"rendered":"Project for bicycle and footpath of Tartu municipality L\u00e4hte-\u00c4ksi (01-15-TP) Projects for Vaksali street, Metalli street and Paistu street in Viljandi town (03-15-TP) Project for playground and yard of Rukkilille Kindergarden in Tartu (03-15-TP) Reconstruction project for the Lastekodu street in Tallinn (09-15-TP) Soola Street section Aleksandri - Kalevi, Kalevi - Soola street junction...","protected":false},"author":1,"featured_media":0,"parent":419,"menu_order":0,"comment_status":"closed","ping_status":"closed","template":"","meta":{"footnotes":""},"class_list":["post-436","page","type-page","status-publish","hentry"],"yoast_head":"<!-- This site is optimized with the Yoast SEO plugin v27.4 - https:\/\/yoast.com\/product\/yoast-seo-wordpress\/ -->\n<title>2015 - Tinter-Projekt O&Uuml;<\/title>\n<meta name=\"robots\" content=\"index, follow, max-snippet:-1, max-image-preview:large, max-video-preview:-1\" \/>\n<link rel=\"canonical\" href=\"https:\/\/tinterprojekt.ee\/tehtud-tood\/aastad\/2015a\/\" \/>\n<meta property=\"og:locale\" content=\"en_US\" \/>\n<meta property=\"og:type\" content=\"article\" \/>\n<meta property=\"og:title\" content=\"2015 - Tinter-Projekt O&Uuml;\" \/>\n<meta property=\"og:url\" content=\"https:\/\/tinterprojekt.ee\/tehtud-tood\/aastad\/2015a\/\" \/>\n<meta property=\"og:site_name\" content=\"Tinter-Projekt O&Uuml;\" \/>\n<meta property=\"article:modified_time\" content=\"2018-01-31T10:18:45+00:00\" \/>\n<meta name=\"twitter:card\" content=\"summary_large_image\" \/>\n<meta name=\"twitter:label1\" content=\"Est. reading time\" \/>\n\t<meta name=\"twitter:data1\" content=\"3 minutes\" \/>\n<script type=\"application\/ld+json\" class=\"yoast-schema-graph\">{\"@context\":\"https:\\\/\\\/schema.org\",\"@graph\":[{\"@type\":\"WebPage\",\"@id\":\"https:\\\/\\\/tinterprojekt.ee\\\/tehtud-tood\\\/aastad\\\/2015a\\\/\",\"url\":\"https:\\\/\\\/tinterprojekt.ee\\\/tehtud-tood\\\/aastad\\\/2015a\\\/\",\"name\":\"2015 - Tinter-Projekt O&Uuml;\",\"isPartOf\":{\"@id\":\"https:\\\/\\\/tinterprojekt.ee\\\/#website\"},\"datePublished\":\"2018-01-23T12:12:22+00:00\",\"dateModified\":\"2018-01-31T10:18:45+00:00\",\"breadcrumb\":{\"@id\":\"https:\\\/\\\/tinterprojekt.ee\\\/tehtud-tood\\\/aastad\\\/2015a\\\/#breadcrumb\"},\"inLanguage\":\"en-US\",\"potentialAction\":[{\"@type\":\"ReadAction\",\"target\":[\"https:\\\/\\\/tinterprojekt.ee\\\/tehtud-tood\\\/aastad\\\/2015a\\\/\"]}]},{\"@type\":\"BreadcrumbList\",\"@id\":\"https:\\\/\\\/tinterprojekt.ee\\\/tehtud-tood\\\/aastad\\\/2015a\\\/#breadcrumb\",\"itemListElement\":[{\"@type\":\"ListItem\",\"position\":1,\"name\":\"Home\",\"item\":\"https:\\\/\\\/tinterprojekt.ee\\\/en\\\/\"},{\"@type\":\"ListItem\",\"position\":2,\"name\":\"Projects\",\"item\":\"https:\\\/\\\/tinterprojekt.ee\\\/tehtud-tood\\\/\"},{\"@type\":\"ListItem\",\"position\":3,\"name\":\"years\",\"item\":\"https:\\\/\\\/tinterprojekt.ee\\\/tehtud-tood\\\/aastad\\\/\"},{\"@type\":\"ListItem\",\"position\":4,\"name\":\"2015\"}]},{\"@type\":\"WebSite\",\"@id\":\"https:\\\/\\\/tinterprojekt.ee\\\/#website\",\"url\":\"https:\\\/\\\/tinterprojekt.ee\\\/\",\"name\":\"Tinter-Projekt O&Uuml;\",\"description\":\"Inseneerib&uuml;roo\",\"potentialAction\":[{\"@type\":\"SearchAction\",\"target\":{\"@type\":\"EntryPoint\",\"urlTemplate\":\"https:\\\/\\\/tinterprojekt.ee\\\/?s={search_term_string}\"},\"query-input\":{\"@type\":\"PropertyValueSpecification\",\"valueRequired\":true,\"valueName\":\"search_term_string\"}}],\"inLanguage\":\"en-US\"}]}<\/script>\n<!-- \/ Yoast SEO plugin. -->","yoast_head_json":{"title":"2015 - Tinter-Projekt O&Uuml;","robots":{"index":"index","follow":"follow","max-snippet":"max-snippet:-1","max-image-preview":"max-image-preview:large","max-video-preview":"max-video-preview:-1"},"canonical":"https:\/\/tinterprojekt.ee\/tehtud-tood\/aastad\/2015a\/","og_locale":"en_US","og_type":"article","og_title":"2015 - Tinter-Projekt O&Uuml;","og_url":"https:\/\/tinterprojekt.ee\/tehtud-tood\/aastad\/2015a\/","og_site_name":"Tinter-Projekt O&Uuml;","article_modified_time":"2018-01-31T10:18:45+00:00","twitter_card":"summary_large_image","twitter_misc":{"Est. reading time":"3 minutes"},"schema":{"@context":"https:\/\/schema.org","@graph":[{"@type":"WebPage","@id":"https:\/\/tinterprojekt.ee\/tehtud-tood\/aastad\/2015a\/","url":"https:\/\/tinterprojekt.ee\/tehtud-tood\/aastad\/2015a\/","name":"2015 - Tinter-Projekt O&Uuml;","isPartOf":{"@id":"https:\/\/tinterprojekt.ee\/#website"},"datePublished":"2018-01-23T12:12:22+00:00","dateModified":"2018-01-31T10:18:45+00:00","breadcrumb":{"@id":"https:\/\/tinterprojekt.ee\/tehtud-tood\/aastad\/2015a\/#breadcrumb"},"inLanguage":"en-US","potentialAction":[{"@type":"ReadAction","target":["https:\/\/tinterprojekt.ee\/tehtud-tood\/aastad\/2015a\/"]}]},{"@type":"BreadcrumbList","@id":"https:\/\/tinterprojekt.ee\/tehtud-tood\/aastad\/2015a\/#breadcrumb","itemListElement":[{"@type":"ListItem","position":1,"name":"Home","item":"https:\/\/tinterprojekt.ee\/en\/"},{"@type":"ListItem","position":2,"name":"Projects","item":"https:\/\/tinterprojekt.ee\/tehtud-tood\/"},{"@type":"ListItem","position":3,"name":"years","item":"https:\/\/tinterprojekt.ee\/tehtud-tood\/aastad\/"},{"@type":"ListItem","position":4,"name":"2015"}]},{"@type":"WebSite","@id":"https:\/\/tinterprojekt.ee\/#website","url":"https:\/\/tinterprojekt.ee\/","name":"Tinter-Projekt O&Uuml;","description":"Inseneerib&uuml;roo","potentialAction":[{"@type":"SearchAction","target":{"@type":"EntryPoint","urlTemplate":"https:\/\/tinterprojekt.ee\/?s={search_term_string}"},"query-input":{"@type":"PropertyValueSpecification","valueRequired":true,"valueName":"search_term_string"}}],"inLanguage":"en-US"}]}},"_links":{"self":[{"href":"https:\/\/tinterprojekt.ee\/en\/wp-json\/wp\/v2\/pages\/436","targetHints":{"allow":["GET"]}}],"collection":[{"href":"https:\/\/tinterprojekt.ee\/en\/wp-json\/wp\/v2\/pages"}],"about":[{"href":"https:\/\/tinterprojekt.ee\/en\/wp-json\/wp\/v2\/types\/page"}],"author":[{"embeddable":true,"href":"https:\/\/tinterprojekt.ee\/en\/wp-json\/wp\/v2\/users\/1"}],"replies":[{"embeddable":true,"href":"https:\/\/tinterprojekt.ee\/en\/wp-json\/wp\/v2\/comments?post=436"}],"version-history":[{"count":2,"href":"https:\/\/tinterprojekt.ee\/en\/wp-json\/wp\/v2\/pages\/436\/revisions"}],"predecessor-version":[{"id":438,"href":"https:\/\/tinterprojekt.ee\/en\/wp-json\/wp\/v2\/pages\/436\/revisions\/438"}],"up":[{"embeddable":true,"href":"https:\/\/tinterprojekt.ee\/en\/wp-json\/wp\/v2\/pages\/419"}],"wp:attachment":[{"href":"https:\/\/tinterprojekt.ee\/en\/wp-json\/wp\/v2\/media?parent=436"}],"curies":[{"name":"wp","href":"https:\/\/api.w.org\/{rel}","templated":true}]}}