{"id":422,"date":"2018-01-23T11:03:48","date_gmt":"2018-01-23T11:03:48","guid":{"rendered":"https:\/\/tinterprojekt.ee\/projects\/years\/2017a\/"},"modified":"2018-01-31T09:54:38","modified_gmt":"2018-01-31T09:54:38","slug":"2017a","status":"publish","type":"page","link":"https:\/\/tinterprojekt.ee\/en\/projects\/years\/2017a\/","title":{"rendered":"2017"},"content":{"rendered":"<div class=\"wpb-content-wrapper\"><section class=\"l-section wpb_row height_auto\"><div class=\"l-section-h i-cf\"><div class=\"g-cols vc_row type_default valign_top\"><div class=\"vc_col-sm-6 wpb_column vc_column_container\"><div class=\"vc_column-inner\"><div class=\"wpb_wrapper\"><div class=\"w-image align_center\"><div class=\"w-image-h\"><a href=\"https:\/\/tinterprojekt.ee\/wp-content\/uploads\/2018\/01\/Picture1.png\" ref=\"magnificPopup\"><img loading=\"lazy\" decoding=\"async\" width=\"600\" height=\"391\" src=\"https:\/\/tinterprojekt.ee\/wp-content\/uploads\/2018\/01\/Picture1-600x391.png\" class=\"attachment-tnail-1x1 size-tnail-1x1\" alt=\"\" \/><\/a><\/div><\/div><\/div><\/div><\/div><div class=\"vc_col-sm-6 wpb_column vc_column_container\"><div class=\"vc_column-inner\"><div class=\"wpb_wrapper\">\n\t<div class=\"wpb_text_column \">\n\t\t<div class=\"wpb_wrapper\">\n\t\t\t<h2>J\u00f5hvi, Pargi Street reconstruction (16-17-TP)<\/h2>\n\n\t\t<\/div>\n\t<\/div>\n<\/div><\/div><\/div><\/div><\/div><\/section><section class=\"l-section wpb_row height_auto\"><div class=\"l-section-h i-cf\"><div class=\"g-cols vc_row type_default valign_top\"><div class=\"vc_col-sm-6 wpb_column vc_column_container\"><div class=\"vc_column-inner\"><div class=\"wpb_wrapper\"><div class=\"w-image align_center\"><div class=\"w-image-h\"><a href=\"https:\/\/tinterprojekt.ee\/wp-content\/uploads\/2018\/01\/Picture2.png\" ref=\"magnificPopup\"><img loading=\"lazy\" decoding=\"async\" width=\"600\" height=\"541\" src=\"https:\/\/tinterprojekt.ee\/wp-content\/uploads\/2018\/01\/Picture2-600x541.png\" class=\"attachment-tnail-1x1 size-tnail-1x1\" alt=\"\" \/><\/a><\/div><\/div><\/div><\/div><\/div><div class=\"vc_col-sm-6 wpb_column vc_column_container\"><div class=\"vc_column-inner\"><div class=\"wpb_wrapper\">\n\t<div class=\"wpb_text_column \">\n\t\t<div class=\"wpb_wrapper\">\n\t\t\t<h2>Road no. 6 Valga-Uuli and Road no. 73 T\u00f5rva<\/h2>\n<p>Project for reconstruction of T\u00f5rva center junction of Pikisilla (16-17-TP)<\/p>\n\n\t\t<\/div>\n\t<\/div>\n<\/div><\/div><\/div><\/div><\/div><\/section><section class=\"l-section wpb_row height_auto\"><div class=\"l-section-h i-cf\"><div class=\"g-cols vc_row type_default valign_top\"><div class=\"vc_col-sm-6 wpb_column vc_column_container\"><div class=\"vc_column-inner\"><div class=\"wpb_wrapper\"><div class=\"w-image align_center\"><div class=\"w-image-h\"><a href=\"https:\/\/tinterprojekt.ee\/wp-content\/uploads\/2018\/01\/Picture3.png\" ref=\"magnificPopup\"><img loading=\"lazy\" decoding=\"async\" width=\"600\" height=\"586\" src=\"https:\/\/tinterprojekt.ee\/wp-content\/uploads\/2018\/01\/Picture3-600x586.png\" class=\"attachment-tnail-1x1 size-tnail-1x1\" alt=\"\" \/><\/a><\/div><\/div><\/div><\/div><\/div><div class=\"vc_col-sm-6 wpb_column vc_column_container\"><div class=\"vc_column-inner\"><div class=\"wpb_wrapper\">\n\t<div class=\"wpb_text_column \">\n\t\t<div class=\"wpb_wrapper\">\n\t\t\t<h2>Project for Viljandi\u2019s Freedom Square and central city public space (01-17-TP)<\/h2>\n\n\t\t<\/div>\n\t<\/div>\n<\/div><\/div><\/div><\/div><\/div><\/section><section class=\"l-section wpb_row height_auto\"><div class=\"l-section-h i-cf\"><div class=\"g-cols vc_row type_default valign_top\"><div class=\"vc_col-sm-6 wpb_column vc_column_container\"><div class=\"vc_column-inner\"><div class=\"wpb_wrapper\"><div class=\"w-image align_center\"><div class=\"w-image-h\"><a href=\"https:\/\/tinterprojekt.ee\/wp-content\/uploads\/2018\/01\/Picture4.png\" ref=\"magnificPopup\"><img loading=\"lazy\" decoding=\"async\" width=\"600\" height=\"600\" src=\"https:\/\/tinterprojekt.ee\/wp-content\/uploads\/2018\/01\/Picture4-600x600.png\" class=\"attachment-tnail-1x1 size-tnail-1x1\" alt=\"\" srcset=\"https:\/\/tinterprojekt.ee\/wp-content\/uploads\/2018\/01\/Picture4-600x600.png 600w, https:\/\/tinterprojekt.ee\/wp-content\/uploads\/2018\/01\/Picture4-150x150.png 150w, https:\/\/tinterprojekt.ee\/wp-content\/uploads\/2018\/01\/Picture4-200x200.png 200w, https:\/\/tinterprojekt.ee\/wp-content\/uploads\/2018\/01\/Picture4-350x350.png 350w\" sizes=\"auto, (max-width: 600px) 100vw, 600px\" \/><\/a><\/div><\/div><\/div><\/div><\/div><div class=\"vc_col-sm-6 wpb_column vc_column_container\"><div class=\"vc_column-inner\"><div class=\"wpb_wrapper\">\n\t<div class=\"wpb_text_column \">\n\t\t<div class=\"wpb_wrapper\">\n\t\t\t<h2>Tori Bus Station (20-17-TP)<\/h2>\n\n\t\t<\/div>\n\t<\/div>\n<\/div><\/div><\/div><\/div><\/div><\/section><section class=\"l-section wpb_row height_auto\"><div class=\"l-section-h i-cf\"><div class=\"g-cols vc_row type_default valign_top\"><div class=\"vc_col-sm-6 wpb_column vc_column_container\"><div class=\"vc_column-inner\"><div class=\"wpb_wrapper\"><div class=\"w-image align_center\"><div class=\"w-image-h\"><a href=\"https:\/\/tinterprojekt.ee\/wp-content\/uploads\/2018\/01\/Picture5.png\" ref=\"magnificPopup\"><img loading=\"lazy\" decoding=\"async\" width=\"600\" height=\"285\" src=\"https:\/\/tinterprojekt.ee\/wp-content\/uploads\/2018\/01\/Picture5-600x285.png\" class=\"attachment-tnail-1x1 size-tnail-1x1\" alt=\"\" \/><\/a><\/div><\/div><\/div><\/div><\/div><div class=\"vc_col-sm-6 wpb_column vc_column_container\"><div class=\"vc_column-inner\"><div class=\"wpb_wrapper\">\n\t<div class=\"wpb_text_column \">\n\t\t<div class=\"wpb_wrapper\">\n\t\t\t<h2>Tartu town<\/h2>\n<p>Preliminary Project for Ropka Industrial Park Area SK, K, V and operational project for extension of Kaupmehe Street (11-17-TP)<\/p>\n\n\t\t<\/div>\n\t<\/div>\n<\/div><\/div><\/div><\/div><\/div><\/section>\n<\/div>","protected":false},"excerpt":{"rendered":"J\u00f5hvi, Pargi Street reconstruction (16-17-TP) Road no. 6 Valga-Uuli and Road no. 73 T\u00f5rva Project for reconstruction of T\u00f5rva center junction of Pikisilla (16-17-TP) Project for Viljandi\u2019s Freedom Square and central city public space (01-17-TP) Tori Bus Station (20-17-TP) Tartu town Preliminary Project for Ropka Industrial Park Area SK, K, V and operational project...","protected":false},"author":1,"featured_media":0,"parent":419,"menu_order":0,"comment_status":"closed","ping_status":"closed","template":"","meta":{"footnotes":""},"class_list":["post-422","page","type-page","status-publish","hentry"],"yoast_head":"<!-- This site is optimized with the Yoast SEO plugin v27.5 - https:\/\/yoast.com\/product\/yoast-seo-wordpress\/ -->\n<title>2017 - Tinter-Projekt O&Uuml;<\/title>\n<meta name=\"robots\" content=\"index, follow, max-snippet:-1, max-image-preview:large, max-video-preview:-1\" \/>\n<link rel=\"canonical\" href=\"https:\/\/tinterprojekt.ee\/tehtud-tood\/aastad\/2017a\/\" \/>\n<meta property=\"og:locale\" content=\"en_US\" \/>\n<meta property=\"og:type\" content=\"article\" \/>\n<meta property=\"og:title\" content=\"2017 - Tinter-Projekt O&Uuml;\" \/>\n<meta property=\"og:url\" content=\"https:\/\/tinterprojekt.ee\/tehtud-tood\/aastad\/2017a\/\" \/>\n<meta property=\"og:site_name\" content=\"Tinter-Projekt O&Uuml;\" \/>\n<meta property=\"article:modified_time\" content=\"2018-01-31T09:54:38+00:00\" \/>\n<meta name=\"twitter:card\" content=\"summary_large_image\" \/>\n<meta name=\"twitter:label1\" content=\"Est. reading time\" \/>\n\t<meta name=\"twitter:data1\" content=\"1 minute\" \/>\n<script type=\"application\/ld+json\" class=\"yoast-schema-graph\">{\"@context\":\"https:\\\/\\\/schema.org\",\"@graph\":[{\"@type\":\"WebPage\",\"@id\":\"https:\\\/\\\/tinterprojekt.ee\\\/tehtud-tood\\\/aastad\\\/2017a\\\/\",\"url\":\"https:\\\/\\\/tinterprojekt.ee\\\/tehtud-tood\\\/aastad\\\/2017a\\\/\",\"name\":\"2017 - Tinter-Projekt O&Uuml;\",\"isPartOf\":{\"@id\":\"https:\\\/\\\/tinterprojekt.ee\\\/#website\"},\"datePublished\":\"2018-01-23T11:03:48+00:00\",\"dateModified\":\"2018-01-31T09:54:38+00:00\",\"breadcrumb\":{\"@id\":\"https:\\\/\\\/tinterprojekt.ee\\\/tehtud-tood\\\/aastad\\\/2017a\\\/#breadcrumb\"},\"inLanguage\":\"en-US\",\"potentialAction\":[{\"@type\":\"ReadAction\",\"target\":[\"https:\\\/\\\/tinterprojekt.ee\\\/tehtud-tood\\\/aastad\\\/2017a\\\/\"]}]},{\"@type\":\"BreadcrumbList\",\"@id\":\"https:\\\/\\\/tinterprojekt.ee\\\/tehtud-tood\\\/aastad\\\/2017a\\\/#breadcrumb\",\"itemListElement\":[{\"@type\":\"ListItem\",\"position\":1,\"name\":\"Home\",\"item\":\"https:\\\/\\\/tinterprojekt.ee\\\/en\\\/\"},{\"@type\":\"ListItem\",\"position\":2,\"name\":\"Projects\",\"item\":\"https:\\\/\\\/tinterprojekt.ee\\\/tehtud-tood\\\/\"},{\"@type\":\"ListItem\",\"position\":3,\"name\":\"years\",\"item\":\"https:\\\/\\\/tinterprojekt.ee\\\/tehtud-tood\\\/aastad\\\/\"},{\"@type\":\"ListItem\",\"position\":4,\"name\":\"2017\"}]},{\"@type\":\"WebSite\",\"@id\":\"https:\\\/\\\/tinterprojekt.ee\\\/#website\",\"url\":\"https:\\\/\\\/tinterprojekt.ee\\\/\",\"name\":\"Tinter-Projekt O&Uuml;\",\"description\":\"Inseneerib&uuml;roo\",\"potentialAction\":[{\"@type\":\"SearchAction\",\"target\":{\"@type\":\"EntryPoint\",\"urlTemplate\":\"https:\\\/\\\/tinterprojekt.ee\\\/?s={search_term_string}\"},\"query-input\":{\"@type\":\"PropertyValueSpecification\",\"valueRequired\":true,\"valueName\":\"search_term_string\"}}],\"inLanguage\":\"en-US\"}]}<\/script>\n<!-- \/ Yoast SEO plugin. -->","yoast_head_json":{"title":"2017 - Tinter-Projekt O&Uuml;","robots":{"index":"index","follow":"follow","max-snippet":"max-snippet:-1","max-image-preview":"max-image-preview:large","max-video-preview":"max-video-preview:-1"},"canonical":"https:\/\/tinterprojekt.ee\/tehtud-tood\/aastad\/2017a\/","og_locale":"en_US","og_type":"article","og_title":"2017 - Tinter-Projekt O&Uuml;","og_url":"https:\/\/tinterprojekt.ee\/tehtud-tood\/aastad\/2017a\/","og_site_name":"Tinter-Projekt O&Uuml;","article_modified_time":"2018-01-31T09:54:38+00:00","twitter_card":"summary_large_image","twitter_misc":{"Est. reading time":"1 minute"},"schema":{"@context":"https:\/\/schema.org","@graph":[{"@type":"WebPage","@id":"https:\/\/tinterprojekt.ee\/tehtud-tood\/aastad\/2017a\/","url":"https:\/\/tinterprojekt.ee\/tehtud-tood\/aastad\/2017a\/","name":"2017 - Tinter-Projekt O&Uuml;","isPartOf":{"@id":"https:\/\/tinterprojekt.ee\/#website"},"datePublished":"2018-01-23T11:03:48+00:00","dateModified":"2018-01-31T09:54:38+00:00","breadcrumb":{"@id":"https:\/\/tinterprojekt.ee\/tehtud-tood\/aastad\/2017a\/#breadcrumb"},"inLanguage":"en-US","potentialAction":[{"@type":"ReadAction","target":["https:\/\/tinterprojekt.ee\/tehtud-tood\/aastad\/2017a\/"]}]},{"@type":"BreadcrumbList","@id":"https:\/\/tinterprojekt.ee\/tehtud-tood\/aastad\/2017a\/#breadcrumb","itemListElement":[{"@type":"ListItem","position":1,"name":"Home","item":"https:\/\/tinterprojekt.ee\/en\/"},{"@type":"ListItem","position":2,"name":"Projects","item":"https:\/\/tinterprojekt.ee\/tehtud-tood\/"},{"@type":"ListItem","position":3,"name":"years","item":"https:\/\/tinterprojekt.ee\/tehtud-tood\/aastad\/"},{"@type":"ListItem","position":4,"name":"2017"}]},{"@type":"WebSite","@id":"https:\/\/tinterprojekt.ee\/#website","url":"https:\/\/tinterprojekt.ee\/","name":"Tinter-Projekt O&Uuml;","description":"Inseneerib&uuml;roo","potentialAction":[{"@type":"SearchAction","target":{"@type":"EntryPoint","urlTemplate":"https:\/\/tinterprojekt.ee\/?s={search_term_string}"},"query-input":{"@type":"PropertyValueSpecification","valueRequired":true,"valueName":"search_term_string"}}],"inLanguage":"en-US"}]}},"_links":{"self":[{"href":"https:\/\/tinterprojekt.ee\/en\/wp-json\/wp\/v2\/pages\/422","targetHints":{"allow":["GET"]}}],"collection":[{"href":"https:\/\/tinterprojekt.ee\/en\/wp-json\/wp\/v2\/pages"}],"about":[{"href":"https:\/\/tinterprojekt.ee\/en\/wp-json\/wp\/v2\/types\/page"}],"author":[{"embeddable":true,"href":"https:\/\/tinterprojekt.ee\/en\/wp-json\/wp\/v2\/users\/1"}],"replies":[{"embeddable":true,"href":"https:\/\/tinterprojekt.ee\/en\/wp-json\/wp\/v2\/comments?post=422"}],"version-history":[{"count":2,"href":"https:\/\/tinterprojekt.ee\/en\/wp-json\/wp\/v2\/pages\/422\/revisions"}],"predecessor-version":[{"id":425,"href":"https:\/\/tinterprojekt.ee\/en\/wp-json\/wp\/v2\/pages\/422\/revisions\/425"}],"up":[{"embeddable":true,"href":"https:\/\/tinterprojekt.ee\/en\/wp-json\/wp\/v2\/pages\/419"}],"wp:attachment":[{"href":"https:\/\/tinterprojekt.ee\/en\/wp-json\/wp\/v2\/media?parent=422"}],"curies":[{"name":"wp","href":"https:\/\/api.w.org\/{rel}","templated":true}]}}